{"id":436,"date":"2019-06-14T10:53:23","date_gmt":"2019-06-14T07:53:23","guid":{"rendered":"http:\/\/arkama.com\/?page_id=436"},"modified":"2024-11-18T10:03:53","modified_gmt":"2024-11-18T08:03:53","slug":"home-page","status":"publish","type":"page","link":"https:\/\/arkama.com\/en\/","title":{"rendered":"Home page"},"content":{"rendered":"<p>[et_pb_section fb_built=&#8221;1&#8243; fullwidth=&#8221;on&#8221; admin_label=&#8221;Hero Section&#8221; _builder_version=&#8221;4.16&#8243; global_colors_info=&#8221;{}&#8221;][et_pb_fullwidth_header subhead=&#8221;UAB Arkama -&#8221; button_one_text=&#8221;About the company&#8221; button_one_url=&#8221;http:\/\/arkama.com\/en\/apie-imone-3\/&#8221; button_two_text=&#8221;Services&#8221; button_two_url=&#8221;http:\/\/arkama.com\/en\/paslaugos-2\/&#8221; background_overlay_color=&#8221;rgba(0,73,130,0.57)&#8221; content_max_width=&#8221;1080px&#8221; _builder_version=&#8221;4.21.0&#8243; title_font=&#8221;Poppins|700||on|||||&#8221; title_text_color=&#8221;#edbb5f&#8221; title_font_size=&#8221;14px&#8221; title_letter_spacing=&#8221;2px&#8221; title_line_height=&#8221;1.8em&#8221; subhead_font=&#8221;Cabin|700||on|||||&#8221; subhead_font_size=&#8221;48px&#8221; subhead_line_height=&#8221;1.4em&#8221; background_color=&#8221;rgba(0,0,0,0)&#8221; background_image=&#8221;http:\/\/arkama.com\/wp-content\/uploads\/3_TITULINIS-Kroviniu-gabenimas-autotransportu.jpg&#8221; custom_button_one=&#8221;on&#8221; button_one_border_width=&#8221;1px&#8221; button_one_border_color=&#8221;rgba(255,255,255,0.3)&#8221; button_one_border_radius=&#8221;0px&#8221; button_one_letter_spacing=&#8221;1px&#8221; button_one_font=&#8221;Saira Extra Condensed|600||on|||||&#8221; button_one_icon=&#8221;&#x24;||divi||400&#8243; button_one_icon_color=&#8221;#edbb5f&#8221; custom_button_two=&#8221;on&#8221; button_two_border_width=&#8221;1px&#8221; button_two_border_color=&#8221;rgba(255,255,255,0.3)&#8221; button_two_border_radius=&#8221;0px&#8221; button_two_letter_spacing=&#8221;1px&#8221; button_two_font=&#8221;Saira Extra Condensed|600||on|||||&#8221; button_two_icon=&#8221;&#x24;||divi||400&#8243; button_two_icon_color=&#8221;#edbb5f&#8221; module_alignment=&#8221;right&#8221; custom_margin=&#8221;|||&#8221; custom_padding=&#8221;8%||260px|&#8221; hover_enabled=&#8221;0&#8243; background_last_edited=&#8221;on|desktop&#8221; button_one_text_color_hover=&#8221;#edbb5f&#8221; button_two_text_color_hover=&#8221;#edbb5f&#8221; button_one_bg_color_hover=&#8221;rgba(0,0,0,0)&#8221; button_two_bg_color_hover=&#8221;rgba(0,0,0,0)&#8221; global_colors_info=&#8221;{}&#8221; button_one_text_size__hover_enabled=&#8221;off&#8221; button_two_text_size__hover_enabled=&#8221;off&#8221; button_one_text_color__hover_enabled=&#8221;on&#8221; button_one_text_color__hover=&#8221;#edbb5f&#8221; button_two_text_color__hover_enabled=&#8221;on&#8221; button_two_text_color__hover=&#8221;#edbb5f&#8221; button_one_border_width__hover_enabled=&#8221;off&#8221; button_two_border_width__hover_enabled=&#8221;off&#8221; button_one_border_color__hover_enabled=&#8221;off&#8221; button_two_border_color__hover_enabled=&#8221;off&#8221; button_one_border_radius__hover_enabled=&#8221;off&#8221; button_two_border_radius__hover_enabled=&#8221;off&#8221; button_one_letter_spacing__hover_enabled=&#8221;off&#8221; button_two_letter_spacing__hover_enabled=&#8221;off&#8221; button_one_bg_color__hover_enabled=&#8221;on&#8221; button_one_bg_color__hover=&#8221;rgba(0,0,0,0)&#8221; button_two_bg_color__hover_enabled=&#8221;on&#8221; button_two_bg_color__hover=&#8221;rgba(0,0,0,0)&#8221; title_text=&#8221;3_TITULINIS &#8211; Krovini\u0173 gabenimas autotransportu&#8221; sticky_enabled=&#8221;0&#8243;]<\/p>\n<h2>is one of the largest logistics, warehousing, transportation, and customs brokerage companies in Lithuania<\/h2>\n<p>[\/et_pb_fullwidth_header][\/et_pb_section][et_pb_section fb_built=&#8221;1&#8243; admin_label=&#8221;Free Consultation&#8221; _builder_version=&#8221;4.16&#8243; background_color=&#8221;#002947&#8243; custom_padding=&#8221;0px|0px|0px|0px&#8221; global_colors_info=&#8221;{}&#8221;][et_pb_row column_structure=&#8221;1_2,1_2&#8243; _builder_version=&#8221;4.16&#8243; custom_margin=&#8221;||&#8221; custom_padding=&#8221;|||&#8221; animation_style=&#8221;flip&#8221; global_colors_info=&#8221;{}&#8221;][et_pb_column type=&#8221;1_2&#8243; _builder_version=&#8221;4.16&#8243; custom_padding=&#8221;20px|20px|20px|20px&#8221; global_colors_info=&#8221;{}&#8221; custom_padding__hover=&#8221;|||&#8221;][et_pb_cta title=&#8221;UAB Arkama&#8221; _builder_version=&#8221;4.21.0&#8243; header_level=&#8221;h3&#8243; header_font=&#8221;Cabin|700|||||||&#8221; header_text_align=&#8221;left&#8221; header_text_color=&#8221;#0076aa&#8221; body_font=&#8221;||||||||&#8221; body_text_align=&#8221;left&#8221; background_color=&#8221;#ffffff&#8221; background_layout=&#8221;light&#8221; custom_margin=&#8221;-150px||&#8221; animation_style=&#8221;flip&#8221; box_shadow_style=&#8221;preset1&#8243; global_colors_info=&#8221;{}&#8221;]<\/p>\n<p>Martinavos g-v\u0117 8, Martinava, Karm\u0117lavos sen., Kauno raj.<br \/>Phone number: +370 600 54945 , +370 671 86995<br \/>Email:info@arkama.com<\/p>\n<p>[\/et_pb_cta][\/et_pb_column][et_pb_column type=&#8221;1_2&#8243; _builder_version=&#8221;4.16&#8243; custom_padding=&#8221;|||&#8221; global_colors_info=&#8221;{}&#8221; custom_padding__hover=&#8221;|||&#8221;][\/et_pb_column][\/et_pb_row][\/et_pb_section][et_pb_section fb_built=&#8221;1&#8243; _builder_version=&#8221;4.16&#8243; background_color=&#8221;#002947&#8243; custom_padding=&#8221;0px||20px&#8221; global_colors_info=&#8221;{}&#8221;][et_pb_row _builder_version=&#8221;4.16&#8243; custom_padding=&#8221;0px||0px&#8221; global_colors_info=&#8221;{}&#8221;][et_pb_column type=&#8221;4_4&#8243; _builder_version=&#8221;4.16&#8243; custom_padding=&#8221;|||&#8221; global_colors_info=&#8221;{}&#8221; custom_padding__hover=&#8221;|||&#8221;][et_pb_text _builder_version=&#8221;4.16&#8243; text_font=&#8221;||||||||&#8221; header_font=&#8221;Cabin|700||on|||||&#8221; header_text_align=&#8221;center&#8221; header_text_color=&#8221;#ffffff&#8221; custom_margin=&#8221;||0px&#8221; custom_padding=&#8221;||&#8221; global_colors_info=&#8221;{}&#8221;]<\/p>\n<h1>Services<\/h1>\n<p>[\/et_pb_text][et_pb_divider color=&#8221;#edbb5f&#8221; divider_weight=&#8221;3px&#8221; _builder_version=&#8221;4.16&#8243; width=&#8221;60px&#8221; module_alignment=&#8221;center&#8221; custom_margin=&#8221;0px||0px&#8221; custom_padding=&#8221;0px||0px&#8221; global_colors_info=&#8221;{}&#8221;][\/et_pb_divider][\/et_pb_column][\/et_pb_row][\/et_pb_section][et_pb_section fb_built=&#8221;1&#8243; _builder_version=&#8221;4.16&#8243; custom_margin=&#8221;||&#8221; custom_padding=&#8221;0px||0px&#8221; saved_tabs=&#8221;all&#8221; global_colors_info=&#8221;{}&#8221;][et_pb_row column_structure=&#8221;1_5,1_5,1_5,1_5,1_5&#8243; use_custom_gutter=&#8221;on&#8221; gutter_width=&#8221;1&#8243; make_equal=&#8221;on&#8221; padding_top_bottom_link_1=&#8221;true&#8221; padding_top_bottom_link_2=&#8221;true&#8221; padding_top_bottom_link_3=&#8221;true&#8221; _builder_version=&#8221;4.21.0&#8243; width=&#8221;100%&#8221; max_width=&#8221;100%&#8221; custom_margin=&#8221;||&#8221; custom_padding=&#8221;0px||0px&#8221; global_colors_info=&#8221;{}&#8221;][et_pb_column type=&#8221;1_5&#8243; _builder_version=&#8221;4.16&#8243; use_background_color_gradient=&#8221;on&#8221; background_color_gradient_stops=&#8221;rgba(0,41,71,0.3) 0%|rgba(0,41,71,0.3) 100%&#8221; background_color_gradient_overlays_image=&#8221;on&#8221; background_color_gradient_start=&#8221;rgba(0,41,71,0.3)&#8221; background_color_gradient_end=&#8221;rgba(0,41,71,0.3)&#8221; background_image=&#8221;http:\/\/arkama.com\/wp-content\/uploads\/titulinis-skyriu-iliustracija-prekiu-sandeliavimas.jpg&#8221; custom_padding=&#8221;200px||200px|&#8221; global_colors_info=&#8221;{}&#8221; custom_padding__hover=&#8221;|||&#8221;][et_pb_button button_url=&#8221;http:\/\/arkama.com\/en\/prekiu-sandeliavimas-2\/&#8221; button_text=&#8221;Goods Storage&#8221; button_alignment=&#8221;center&#8221; _builder_version=&#8221;4.16&#8243; custom_button=&#8221;on&#8221; button_text_color=&#8221;#ffffff&#8221; button_bg_color=&#8221;rgba(0,41,71,0.9)&#8221; button_border_width=&#8221;20px&#8221; button_border_color=&#8221;rgba(0,41,71,0)&#8221; button_border_radius=&#8221;0px&#8221; button_font=&#8221;||||||||&#8221; custom_padding=&#8221;|80px||80px||true&#8221; global_colors_info=&#8221;{}&#8221;][\/et_pb_button][\/et_pb_column][et_pb_column type=&#8221;1_5&#8243; _builder_version=&#8221;4.16&#8243; use_background_color_gradient=&#8221;on&#8221; background_color_gradient_stops=&#8221;rgba(0,41,71,0.2) 0%|rgba(0,41,71,0.2) 100%&#8221; background_color_gradient_overlays_image=&#8221;on&#8221; background_color_gradient_start=&#8221;rgba(0,41,71,0.2)&#8221; background_color_gradient_end=&#8221;rgba(0,41,71,0.2)&#8221; background_image=&#8221;http:\/\/arkama.com\/wp-content\/uploads\/titulinis-skyriu-iliustracija-muitines-tarpininko-paslaugos.jpg&#8221; custom_padding=&#8221;200px||200px|&#8221; global_colors_info=&#8221;{}&#8221; custom_padding__hover=&#8221;|||&#8221;][et_pb_button button_url=&#8221;http:\/\/arkama.com\/en\/customs-brokerage-services\/&#8221; button_text=&#8221;Customs Brokerage Services&#8221; button_alignment=&#8221;center&#8221; _builder_version=&#8221;4.16&#8243; custom_button=&#8221;on&#8221; button_text_color=&#8221;#ffffff&#8221; button_bg_color=&#8221;rgba(0,41,71,0.9)&#8221; button_border_width=&#8221;20px&#8221; button_border_color=&#8221;rgba(0,41,71,0)&#8221; button_border_radius=&#8221;0px&#8221; button_font=&#8221;||||||||&#8221; custom_padding=&#8221;|40px||40px||true&#8221; global_colors_info=&#8221;{}&#8221;][\/et_pb_button][\/et_pb_column][et_pb_column type=&#8221;1_5&#8243; _builder_version=&#8221;4.16&#8243; use_background_color_gradient=&#8221;on&#8221; background_color_gradient_stops=&#8221;rgba(0,41,71,0.2) 0%|rgba(0,41,71,0.2) 100%&#8221; background_color_gradient_overlays_image=&#8221;on&#8221; background_color_gradient_start=&#8221;rgba(0,41,71,0.2)&#8221; background_color_gradient_end=&#8221;rgba(0,41,71,0.2)&#8221; background_image=&#8221;http:\/\/arkama.com\/wp-content\/uploads\/titulinis-skyriu-iliustracija-kroviniu-gabenimas-autotransportu.jpg&#8221; custom_padding=&#8221;200px||200px|&#8221; global_colors_info=&#8221;{}&#8221; custom_padding__hover=&#8221;|||&#8221;][et_pb_button button_url=&#8221;http:\/\/arkama.com\/en\/road-transportation\/&#8221; button_text=&#8221;Freight Transport&#8221; button_alignment=&#8221;center&#8221; _builder_version=&#8221;4.21.0&#8243; custom_button=&#8221;on&#8221; button_text_color=&#8221;#ffffff&#8221; button_bg_color=&#8221;rgba(0,41,71,0.9)&#8221; button_border_width=&#8221;20px&#8221; button_border_color=&#8221;rgba(0,41,71,0)&#8221; button_border_radius=&#8221;0px&#8221; button_font=&#8221;||||||||&#8221; custom_css_main_element=&#8221;min-width: 100%;min-height: 120px;align-content: center;&#8221; global_colors_info=&#8221;{}&#8221;][\/et_pb_button][\/et_pb_column][et_pb_column type=&#8221;1_5&#8243; _builder_version=&#8221;4.21.0&#8243; use_background_color_gradient=&#8221;on&#8221; background_color_gradient_stops=&#8221;rgba(0,41,71,0.2) 0%|rgba(0,41,71,0.2) 100%&#8221; background_color_gradient_overlays_image=&#8221;on&#8221; background_color_gradient_start=&#8221;rgba(0,41,71,0.2)&#8221; background_color_gradient_end=&#8221;rgba(0,41,71,0.2)&#8221; background_image=&#8221;http:\/\/arkama.com\/wp-content\/uploads\/23455-L6.jpg&#8221; custom_padding=&#8221;200px||200px|&#8221; global_colors_info=&#8221;{}&#8221; custom_padding__hover=&#8221;|||&#8221;][et_pb_button button_url=&#8221;http:\/\/arkama.com\/en\/sale-of-storage-racks\/&#8221; button_text=&#8221;Sale of storage racks&#8221; button_alignment=&#8221;center&#8221; _builder_version=&#8221;4.21.0&#8243; custom_button=&#8221;on&#8221; button_text_color=&#8221;#ffffff&#8221; button_bg_color=&#8221;rgba(0,41,71,0.9)&#8221; button_border_width=&#8221;20px&#8221; button_border_color=&#8221;rgba(0,41,71,0)&#8221; button_border_radius=&#8221;0px&#8221; button_font=&#8221;||||||||&#8221; custom_css_main_element=&#8221;min-width: 100%;min-height: 120px;align-content: center;&#8221; global_colors_info=&#8221;{}&#8221;][\/et_pb_button][\/et_pb_column][et_pb_column type=&#8221;1_5&#8243; _builder_version=&#8221;4.21.0&#8243; use_background_color_gradient=&#8221;on&#8221; background_color_gradient_stops=&#8221;rgba(0,41,71,0.2) 0%|rgba(0,41,71,0.2) 100%&#8221; background_color_gradient_overlays_image=&#8221;on&#8221; background_color_gradient_start=&#8221;rgba(0,41,71,0.2)&#8221; background_color_gradient_end=&#8221;rgba(0,41,71,0.2)&#8221; background_image=&#8221;http:\/\/arkama.com\/wp-content\/uploads\/23457-LM5.jpg&#8221; custom_padding=&#8221;200px||200px|&#8221; global_colors_info=&#8221;{}&#8221; custom_padding__hover=&#8221;|||&#8221;][et_pb_button button_url=&#8221;http:\/\/arkama.com\/en\/third-party-logistics\/&#8221; button_text=&#8221;Third-party logistics&#8221; button_alignment=&#8221;center&#8221; _builder_version=&#8221;4.21.0&#8243; custom_button=&#8221;on&#8221; button_text_color=&#8221;#ffffff&#8221; button_bg_color=&#8221;rgba(0,41,71,0.9)&#8221; button_border_width=&#8221;20px&#8221; button_border_color=&#8221;rgba(0,41,71,0)&#8221; button_border_radius=&#8221;0px&#8221; button_font=&#8221;||||||||&#8221; custom_css_main_element=&#8221;min-width: 100%;min-height: 120px;align-content: center;&#8221; global_colors_info=&#8221;{}&#8221;][\/et_pb_button][\/et_pb_column][\/et_pb_row][\/et_pb_section][et_pb_section fb_built=&#8221;1&#8243; _builder_version=&#8221;4.16&#8243; background_color=&#8221;#002947&#8243; custom_padding=&#8221;40px||20px||false&#8221; global_colors_info=&#8221;{}&#8221;][et_pb_row _builder_version=&#8221;4.16&#8243; custom_padding=&#8221;0px||0px&#8221; global_colors_info=&#8221;{}&#8221;][et_pb_column type=&#8221;4_4&#8243; _builder_version=&#8221;4.16&#8243; custom_padding=&#8221;|||&#8221; global_colors_info=&#8221;{}&#8221; custom_padding__hover=&#8221;|||&#8221;][et_pb_text _builder_version=&#8221;4.16&#8243; text_font=&#8221;||||||||&#8221; header_font=&#8221;Cabin|700||on|||||&#8221; header_text_align=&#8221;center&#8221; header_text_color=&#8221;#ffffff&#8221; custom_margin=&#8221;||0px&#8221; custom_padding=&#8221;||&#8221; global_colors_info=&#8221;{}&#8221;]<\/p>\n<h1>Contact Us<\/h1>\n<p>[\/et_pb_text][et_pb_divider color=&#8221;#edbb5f&#8221; divider_weight=&#8221;3px&#8221; _builder_version=&#8221;4.16&#8243; width=&#8221;60px&#8221; module_alignment=&#8221;center&#8221; custom_margin=&#8221;0px||0px&#8221; custom_padding=&#8221;0px||0px&#8221; global_colors_info=&#8221;{}&#8221;][\/et_pb_divider][\/et_pb_column][\/et_pb_row][\/et_pb_section][et_pb_section fb_built=&#8221;1&#8243; _builder_version=&#8221;4.16&#8243; custom_margin=&#8221;0px||0px||true&#8221; custom_padding=&#8221;0px||0px||true&#8221; global_colors_info=&#8221;{}&#8221;][et_pb_row column_structure=&#8221;1_2,1_2&#8243; use_custom_gutter=&#8221;on&#8221; gutter_width=&#8221;1&#8243; make_equal=&#8221;on&#8221; padding_top_bottom_link_1=&#8221;true&#8221; padding_top_bottom_link_2=&#8221;true&#8221; padding_left_right_link_1=&#8221;true&#8221; padding_left_right_link_2=&#8221;false&#8221; _builder_version=&#8221;4.16&#8243; background_color=&#8221;rgba(0,0,0,0)&#8221; width=&#8221;100%&#8221; max_width=&#8221;100%&#8221; custom_margin=&#8221;0px||0px||true&#8221; custom_padding=&#8221;0px||0px|||true&#8221; global_colors_info=&#8221;{}&#8221;][et_pb_column type=&#8221;1_2&#8243; _builder_version=&#8221;4.16&#8243; custom_padding=&#8221;40px|40px|40px|40px&#8221; global_colors_info=&#8221;{}&#8221; custom_padding__hover=&#8221;|||&#8221;][et_pb_blurb title=&#8221;UAB Arkama&#8221; use_icon=&#8221;on&#8221; font_icon=&#8221;&#xe009;||divi||400&#8243; icon_color=&#8221;#0291dd&#8221; icon_placement=&#8221;left&#8221; _builder_version=&#8221;4.16&#8243; header_level=&#8221;h3&#8243; header_font=&#8221;Cabin|700|||||||&#8221; header_text_color=&#8221;#002947&#8243; custom_margin=&#8221;||30px&#8221; global_colors_info=&#8221;{}&#8221;]<\/p>\n<p>Martinavos g-v\u0117 8, Martinava, Karm\u0117lavos sen., Kauno raj.<\/p>\n<p>[\/et_pb_blurb][et_pb_blurb title=&#8221;Company Code&#8221; use_icon=&#8221;on&#8221; font_icon=&#8221;&#x68;||divi||400&#8243; icon_color=&#8221;#0291dd&#8221; icon_placement=&#8221;left&#8221; _builder_version=&#8221;4.16&#8243; header_level=&#8221;h3&#8243; header_font=&#8221;Cabin|700|||||||&#8221; header_text_color=&#8221;#002947&#8243; custom_margin=&#8221;||30px&#8221; global_colors_info=&#8221;{}&#8221;]<\/p>\n<p>302524570<\/p>\n<p>[\/et_pb_blurb][et_pb_blurb title=&#8221;VAT Code&#8221; use_icon=&#8221;on&#8221; font_icon=&#8221;&#x69;||divi||400&#8243; icon_color=&#8221;#0291dd&#8221; icon_placement=&#8221;left&#8221; _builder_version=&#8221;4.16&#8243; header_level=&#8221;h3&#8243; header_font=&#8221;Cabin|700|||||||&#8221; header_text_color=&#8221;#002947&#8243; custom_padding=&#8221;||30px&#8221; global_colors_info=&#8221;{}&#8221;]<\/p>\n<p>LT100005501010<\/p>\n<p>[\/et_pb_blurb][et_pb_blurb title=&#8221;Phones&#8221; use_icon=&#8221;on&#8221; font_icon=&#8221;&#xe00b;||divi||400&#8243; icon_color=&#8221;#0291dd&#8221; icon_placement=&#8221;left&#8221; _builder_version=&#8221;4.19.4&#8243; header_level=&#8221;h3&#8243; header_font=&#8221;Cabin|700|||||||&#8221; header_text_color=&#8221;#002947&#8243; custom_margin=&#8221;||30px&#8221; global_colors_info=&#8221;{}&#8221;]<\/p>\n<p>+370 671 86995, +370 600 54945<\/p>\n<p>[\/et_pb_blurb][et_pb_blurb title=&#8221;Email&#8221; use_icon=&#8221;on&#8221; font_icon=&#8221;&#xe010;||divi||400&#8243; icon_color=&#8221;#0291dd&#8221; icon_placement=&#8221;left&#8221; _builder_version=&#8221;4.16&#8243; header_level=&#8221;h3&#8243; header_font=&#8221;Cabin|700|||||||&#8221; header_text_color=&#8221;#002947&#8243; global_colors_info=&#8221;{}&#8221;]<\/p>\n<p>info@arkama.com<\/p>\n<p>[\/et_pb_blurb][\/et_pb_column][et_pb_column type=&#8221;1_2&#8243; _builder_version=&#8221;4.16&#8243; background_color=&#8221;#f8f8f8&#8243; custom_padding=&#8221;40px|200px|40px|40px&#8221; custom_padding_tablet=&#8221;|40px||&#8221; custom_padding_phone=&#8221;&#8221; custom_padding_last_edited=&#8221;on|desktop&#8221; global_colors_info=&#8221;{}&#8221; custom_padding__hover=&#8221;|||&#8221;][et_pb_contact_form use_spam_service=&#8221;on&#8221; recaptcha_list=&#8221;Default-0&#8243; email=&#8221;info@arkama.com&#8221; title=&#8221;Inquiry&#8221; success_message=&#8221;Your message has been successfully sent. We will contact you shortly.&#8221; submit_button_text=&#8221;Send&#8221; module_id=&#8221;et_pb_contact_form_0&#8243; _builder_version=&#8221;4.16&#8243; _unique_id=&#8221;ed409042-d7ae-4eb9-b3dc-b3afd1ca649a&#8221; form_field_background_color=&#8221;#ffffff&#8221; form_field_text_color=&#8221;rgba(0,0,0,0.7)&#8221; title_level=&#8221;h4&#8243; title_font=&#8221;Cabin|700||on|||||&#8221; title_text_align=&#8221;left&#8221; title_text_color=&#8221;#edbb5f&#8221; title_font_size=&#8221;24px&#8221; title_line_height=&#8221;1.4em&#8221; form_field_font=&#8221;Poppins|600||on|||||&#8221; form_field_font_size=&#8221;12px&#8221; form_field_letter_spacing=&#8221;2px&#8221; custom_button=&#8221;on&#8221; button_text_color=&#8221;#ffffff&#8221; button_bg_color=&#8221;#edbb5f&#8221; button_border_width=&#8221;0px&#8221; button_border_radius=&#8221;0px&#8221; button_letter_spacing=&#8221;1px&#8221; button_font=&#8221;Saira Extra Condensed|600||on|||||&#8221; button_icon=&#8221;&#x24;||divi||400&#8243; custom_margin=&#8221;|||&#8221; custom_padding=&#8221;|||&#8221; border_color_all=&#8221;#dfdfe3&#8243; border_width_bottom=&#8221;1px&#8221; form_background_color=&#8221;#ffffff&#8221; global_colors_info=&#8221;{}&#8221;][et_pb_contact_field field_id=&#8221;Name&#8221; field_title=&#8221;Name&#8221; fullwidth_field=&#8221;on&#8221; _builder_version=&#8221;4.16&#8243; form_field_font=&#8221;||||||||&#8221; custom_margin=&#8221;||20px|&#8221; custom_padding=&#8221;|||&#8221; global_colors_info=&#8221;{}&#8221; button_text_size__hover_enabled=&#8221;off&#8221; button_one_text_size__hover_enabled=&#8221;off&#8221; button_two_text_size__hover_enabled=&#8221;off&#8221; button_text_color__hover_enabled=&#8221;off&#8221; button_one_text_color__hover_enabled=&#8221;off&#8221; button_two_text_color__hover_enabled=&#8221;off&#8221; button_border_width__hover_enabled=&#8221;off&#8221; button_one_border_width__hover_enabled=&#8221;off&#8221; button_two_border_width__hover_enabled=&#8221;off&#8221; button_border_color__hover_enabled=&#8221;off&#8221; button_one_border_color__hover_enabled=&#8221;off&#8221; button_two_border_color__hover_enabled=&#8221;off&#8221; button_border_radius__hover_enabled=&#8221;off&#8221; button_one_border_radius__hover_enabled=&#8221;off&#8221; button_two_border_radius__hover_enabled=&#8221;off&#8221; button_letter_spacing__hover_enabled=&#8221;off&#8221; button_one_letter_spacing__hover_enabled=&#8221;off&#8221; button_two_letter_spacing__hover_enabled=&#8221;off&#8221; button_bg_color__hover_enabled=&#8221;off&#8221; button_one_bg_color__hover_enabled=&#8221;off&#8221; button_two_bg_color__hover_enabled=&#8221;off&#8221;][\/et_pb_contact_field][et_pb_contact_field field_id=&#8221;El._pa\u0161tas&#8221; field_title=&#8221;Email&#8221; fullwidth_field=&#8221;on&#8221; _builder_version=&#8221;4.16&#8243; form_field_font=&#8221;||||||||&#8221; custom_margin=&#8221;||20px|&#8221; global_colors_info=&#8221;{}&#8221; button_text_size__hover_enabled=&#8221;off&#8221; button_one_text_size__hover_enabled=&#8221;off&#8221; button_two_text_size__hover_enabled=&#8221;off&#8221; button_text_color__hover_enabled=&#8221;off&#8221; button_one_text_color__hover_enabled=&#8221;off&#8221; button_two_text_color__hover_enabled=&#8221;off&#8221; button_border_width__hover_enabled=&#8221;off&#8221; button_one_border_width__hover_enabled=&#8221;off&#8221; button_two_border_width__hover_enabled=&#8221;off&#8221; button_border_color__hover_enabled=&#8221;off&#8221; button_one_border_color__hover_enabled=&#8221;off&#8221; button_two_border_color__hover_enabled=&#8221;off&#8221; button_border_radius__hover_enabled=&#8221;off&#8221; button_one_border_radius__hover_enabled=&#8221;off&#8221; button_two_border_radius__hover_enabled=&#8221;off&#8221; button_letter_spacing__hover_enabled=&#8221;off&#8221; button_one_letter_spacing__hover_enabled=&#8221;off&#8221; button_two_letter_spacing__hover_enabled=&#8221;off&#8221; button_bg_color__hover_enabled=&#8221;off&#8221; button_one_bg_color__hover_enabled=&#8221;off&#8221; button_two_bg_color__hover_enabled=&#8221;off&#8221;][\/et_pb_contact_field][et_pb_contact_field field_id=&#8221;Message&#8221; field_title=&#8221;Message&#8221; field_type=&#8221;text&#8221; fullwidth_field=&#8221;on&#8221; _builder_version=&#8221;4.16&#8243; form_field_background_color=&#8221;rgba(12,12,12,0.02)&#8221; form_field_font=&#8221;||||||||&#8221; custom_margin=&#8221;40px||20px|&#8221; border_width_all=&#8221;1px&#8221; field_background_color=&#8221;rgba(12,12,12,0.02)&#8221; global_colors_info=&#8221;{}&#8221; button_text_size__hover_enabled=&#8221;off&#8221; button_one_text_size__hover_enabled=&#8221;off&#8221; button_two_text_size__hover_enabled=&#8221;off&#8221; button_text_color__hover_enabled=&#8221;off&#8221; button_one_text_color__hover_enabled=&#8221;off&#8221; button_two_text_color__hover_enabled=&#8221;off&#8221; button_border_width__hover_enabled=&#8221;off&#8221; button_one_border_width__hover_enabled=&#8221;off&#8221; button_two_border_width__hover_enabled=&#8221;off&#8221; button_border_color__hover_enabled=&#8221;off&#8221; button_one_border_color__hover_enabled=&#8221;off&#8221; button_two_border_color__hover_enabled=&#8221;off&#8221; button_border_radius__hover_enabled=&#8221;off&#8221; button_one_border_radius__hover_enabled=&#8221;off&#8221; button_two_border_radius__hover_enabled=&#8221;off&#8221; button_letter_spacing__hover_enabled=&#8221;off&#8221; button_one_letter_spacing__hover_enabled=&#8221;off&#8221; button_two_letter_spacing__hover_enabled=&#8221;off&#8221; button_bg_color__hover_enabled=&#8221;off&#8221; button_one_bg_color__hover_enabled=&#8221;off&#8221; button_two_bg_color__hover_enabled=&#8221;off&#8221;][\/et_pb_contact_field][\/et_pb_contact_form][\/et_pb_column][\/et_pb_row][\/et_pb_section][et_pb_section fb_built=&#8221;1&#8243; fullwidth=&#8221;on&#8221; _builder_version=&#8221;4.16&#8243; global_colors_info=&#8221;{}&#8221;][et_pb_fullwidth_map address=&#8221;Martinava, Ramu\u010diai, 54463 Kaunas District Municipality, Lithuania&#8221; zoom_level=&#8221;17&#8243; address_lat=&#8221;54.926762432755&#8243; address_lng=&#8221;24.075198101753&#8243; mouse_wheel=&#8221;off&#8221; _builder_version=&#8221;4.21.0&#8243; global_colors_info=&#8221;{}&#8221;][et_pb_map_pin title=&#8221;Martinavos g., 8, Martinava, Karm\u0117lavos sen.&#8221; pin_address=&#8221;Martinavos g.8, Martinavos km, 54475, Lithuania&#8221; zoom_level=&#8221;16&#8243; pin_address_lat=&#8221;54.9268397214&#8243; pin_address_lng=&#8221;24.075547405402&#8243; _builder_version=&#8221;4.21.0&#8243; global_colors_info=&#8221;{}&#8221;][\/et_pb_map_pin][\/et_pb_fullwidth_map][\/et_pb_section]<\/p>\n","protected":false},"excerpt":{"rendered":"<p>is one of the largest logistics, warehousing, transportation, and customs brokerage companies in LithuaniaMartinavos g-v\u0117 8, Martinava, Karm\u0117lavos sen., Kauno raj.Phone number: +370 600 54945 , +370 671 86995Email:info@arkama.comServicesContact UsMartinavos g-v\u0117 8, Martinava, Karm\u0117lavos sen., Kauno raj.302524570LT100005501010+370 671 86995, +370 600 54945info@arkama.com<\/p>\n","protected":false},"author":3,"featured_media":0,"parent":0,"menu_order":0,"comment_status":"closed","ping_status":"closed","template":"","meta":{"_et_pb_use_builder":"on","_et_pb_old_content":"","_et_gb_content_width":""},"_links":{"self":[{"href":"https:\/\/arkama.com\/en\/wp-json\/wp\/v2\/pages\/436"}],"collection":[{"href":"https:\/\/arkama.com\/en\/wp-json\/wp\/v2\/pages"}],"about":[{"href":"https:\/\/arkama.com\/en\/wp-json\/wp\/v2\/types\/page"}],"author":[{"embeddable":true,"href":"https:\/\/arkama.com\/en\/wp-json\/wp\/v2\/users\/3"}],"replies":[{"embeddable":true,"href":"https:\/\/arkama.com\/en\/wp-json\/wp\/v2\/comments?post=436"}],"version-history":[{"count":31,"href":"https:\/\/arkama.com\/en\/wp-json\/wp\/v2\/pages\/436\/revisions"}],"predecessor-version":[{"id":1482,"href":"https:\/\/arkama.com\/en\/wp-json\/wp\/v2\/pages\/436\/revisions\/1482"}],"wp:attachment":[{"href":"https:\/\/arkama.com\/en\/wp-json\/wp\/v2\/media?parent=436"}],"curies":[{"name":"wp","href":"https:\/\/api.w.org\/{rel}","templated":true}]}}