{"id":480,"date":"2019-06-14T12:21:15","date_gmt":"2019-06-14T09:21:15","guid":{"rendered":"http:\/\/arkama.com\/?page_id=480"},"modified":"2024-11-04T12:25:26","modified_gmt":"2024-11-04T10:25:26","slug":"customs-brokerage-services","status":"publish","type":"page","link":"https:\/\/arkama.com\/en\/customs-brokerage-services\/","title":{"rendered":"Customs brokerage services"},"content":{"rendered":"<p>[et_pb_section fb_built=&#8221;1&#8243; fullwidth=&#8221;on&#8221; admin_label=&#8221;Hero Section&#8221; _builder_version=&#8221;4.16&#8243; global_colors_info=&#8221;{}&#8221;][et_pb_fullwidth_header title=&#8221;International logistics services&#8221; subhead=&#8221;Customs brokerage services&#8221; background_overlay_color=&#8221;rgba(0,73,130,0.57)&#8221; content_max_width=&#8221;1080px&#8221; _builder_version=&#8221;4.16&#8243; title_font=&#8221;Poppins|700||on|||||&#8221; title_text_color=&#8221;#edbb5f&#8221; title_font_size=&#8221;14px&#8221; title_letter_spacing=&#8221;2px&#8221; title_line_height=&#8221;1.8em&#8221; subhead_font=&#8221;Cabin|700||on|||||&#8221; subhead_font_size=&#8221;48px&#8221; subhead_line_height=&#8221;1.4em&#8221; background_color=&#8221;rgba(0,0,0,0)&#8221; background_image=&#8221;http:\/\/arkama.com\/wp-content\/uploads\/muitines-tarpininklo-paslaugos.jpg&#8221; background_position=&#8221;bottom_center&#8221; custom_button_one=&#8221;on&#8221; button_one_border_width=&#8221;1px&#8221; button_one_border_color=&#8221;rgba(255,255,255,0.3)&#8221; button_one_border_radius=&#8221;0px&#8221; button_one_letter_spacing=&#8221;1px&#8221; button_one_font=&#8221;Saira Extra Condensed|600||on|||||&#8221; button_one_icon=&#8221;&#x24;||divi||400&#8243; button_one_icon_color=&#8221;#edbb5f&#8221; custom_button_two=&#8221;on&#8221; button_two_border_width=&#8221;1px&#8221; button_two_border_color=&#8221;rgba(255,255,255,0.3)&#8221; button_two_border_radius=&#8221;0px&#8221; button_two_letter_spacing=&#8221;1px&#8221; button_two_font=&#8221;Saira Extra Condensed|600||on|||||&#8221; button_two_icon=&#8221;&#x24;||divi||400&#8243; button_two_icon_color=&#8221;#edbb5f&#8221; module_alignment=&#8221;right&#8221; custom_margin=&#8221;|||&#8221; custom_padding=&#8221;8%||8%|&#8221; background_last_edited=&#8221;on|desktop&#8221; button_one_text_color_hover=&#8221;#edbb5f&#8221; button_two_text_color_hover=&#8221;#edbb5f&#8221; button_one_bg_color_hover=&#8221;rgba(0,0,0,0)&#8221; button_two_bg_color_hover=&#8221;rgba(0,0,0,0)&#8221; global_colors_info=&#8221;{}&#8221; button_one_text_size__hover_enabled=&#8221;off&#8221; button_two_text_size__hover_enabled=&#8221;off&#8221; button_one_text_color__hover_enabled=&#8221;on&#8221; button_one_text_color__hover=&#8221;#edbb5f&#8221; button_two_text_color__hover_enabled=&#8221;on&#8221; button_two_text_color__hover=&#8221;#edbb5f&#8221; button_one_border_width__hover_enabled=&#8221;off&#8221; button_two_border_width__hover_enabled=&#8221;off&#8221; button_one_border_color__hover_enabled=&#8221;off&#8221; button_two_border_color__hover_enabled=&#8221;off&#8221; button_one_border_radius__hover_enabled=&#8221;off&#8221; button_two_border_radius__hover_enabled=&#8221;off&#8221; button_one_letter_spacing__hover_enabled=&#8221;off&#8221; button_two_letter_spacing__hover_enabled=&#8221;off&#8221; button_one_bg_color__hover_enabled=&#8221;on&#8221; button_one_bg_color__hover=&#8221;rgba(0,0,0,0)&#8221; button_two_bg_color__hover_enabled=&#8221;on&#8221; button_two_bg_color__hover=&#8221;rgba(0,0,0,0)&#8221;][\/et_pb_fullwidth_header][\/et_pb_section][et_pb_section fb_built=&#8221;1&#8243; _builder_version=&#8221;4.16&#8243; background_color=&#8221;#002947&#8243; custom_padding=&#8221;0px||0px&#8221; global_colors_info=&#8221;{}&#8221;][et_pb_row _builder_version=&#8221;4.16&#8243; custom_padding=&#8221;0px||0px&#8221; global_colors_info=&#8221;{}&#8221;][et_pb_column type=&#8221;4_4&#8243; _builder_version=&#8221;4.16&#8243; custom_padding=&#8221;|||&#8221; global_colors_info=&#8221;{}&#8221; custom_padding__hover=&#8221;|||&#8221;][et_pb_divider show_divider=&#8221;off&#8221; _builder_version=&#8221;4.16&#8243; background_color=&#8221;#002947&#8243; width=&#8221;100%&#8221; max_width=&#8221;100%&#8221; global_colors_info=&#8221;{}&#8221;][\/et_pb_divider][\/et_pb_column][\/et_pb_row][\/et_pb_section][et_pb_section fb_built=&#8221;1&#8243; _builder_version=&#8221;4.16&#8243; global_colors_info=&#8221;{}&#8221;][et_pb_row column_structure=&#8221;3_4,1_4&#8243; _builder_version=&#8221;4.16&#8243; global_colors_info=&#8221;{}&#8221;][et_pb_column type=&#8221;3_4&#8243; _builder_version=&#8221;4.16&#8243; custom_padding=&#8221;|||&#8221; global_colors_info=&#8221;{}&#8221; custom_padding__hover=&#8221;|||&#8221;][et_pb_text _builder_version=&#8221;4.21.0&#8243; global_colors_info=&#8221;{}&#8221;]<\/p>\n<p>We will help your business operate smoothly by ensuring that customs brokerage procedures comply with the latest laws and regulations, preparing import, export, and transit declarations, and ensuring they are processed correctly.<\/p>\n<ul>\n<li>Customs formalities handling: for import\/export\/transit\/EORI codes\/permits\/certificates, etc.<\/li>\n<li>Document preparation: we prepare and submit all necessary documents, ensuring a smooth customs procedure process.<\/li>\n<li>Customs clearance of cargo and vehicles: we prepare and submit export\/import declarations, calculate duties, and inform about existing exemptions.<\/li>\n<li>Consultation: we provide information on customs procedures, the latest regulations, and changes.<\/li>\n<\/ul>\n<p>Focus on growing your business, and we will take care of your customs formalities.<\/p>\n<p>[\/et_pb_text][\/et_pb_column][et_pb_column type=&#8221;1_4&#8243; _builder_version=&#8221;4.16&#8243; custom_padding=&#8221;|||&#8221; global_colors_info=&#8221;{}&#8221; custom_padding__hover=&#8221;|||&#8221;][et_pb_text _builder_version=&#8221;4.16&#8243; text_font=&#8221;||||||||&#8221; header_font=&#8221;||||||||&#8221; header_2_font=&#8221;|800|||||||&#8221; header_3_font=&#8221;|300|||||||&#8221; background_color=&#8221;#edbb5f&#8221; background_layout=&#8221;dark&#8221; custom_margin=&#8221;||0px&#8221; custom_padding=&#8221;20px|20px|20px|20px|true|true&#8221; global_colors_info=&#8221;{}&#8221;]<\/p>\n<h3>Customs Brokers Contacts<\/h3>\n<p>[\/et_pb_text][et_pb_text _builder_version=&#8221;4.16&#8243; header_font=&#8221;||||||||&#8221; header_2_font=&#8221;|800|||||||&#8221; header_2_text_align=&#8221;center&#8221; header_2_text_color=&#8221;#ffffff&#8221; header_3_font=&#8221;||||||||&#8221; header_3_text_align=&#8221;center&#8221; header_3_text_color=&#8221;#ffffff&#8221; background_color=&#8221;#002947&#8243; custom_margin=&#8221;||0px&#8221; custom_padding=&#8221;20px||10px||false|true&#8221; global_colors_info=&#8221;{}&#8221;]<\/p>\n<h3>Marinavos g-v\u0117 8, Martinava, Kauno raj.<\/h3>\n<h3>+370 601 92055<\/h3>\n<p>[\/et_pb_text][et_pb_text disabled_on=&#8221;on|on|on&#8221; _builder_version=&#8221;4.19.4&#8243; header_font=&#8221;||||||||&#8221; header_2_font=&#8221;|800|||||||&#8221; header_2_text_align=&#8221;center&#8221; header_2_text_color=&#8221;#ffffff&#8221; header_3_font=&#8221;||||||||&#8221; header_3_text_align=&#8221;center&#8221; header_3_text_color=&#8221;#ffffff&#8221; background_color=&#8221;#002947&#8243; custom_margin=&#8221;||&#8221; custom_padding=&#8221;20px||10px||false|true&#8221; disabled=&#8221;on&#8221; global_colors_info=&#8221;{}&#8221;]<\/p>\n<h3>Piev\u0173 g-v\u0117 1, Karm\u0117lava<\/h3>\n<h3>+ 370 611 12621<\/h3>\n<p>[\/et_pb_text][\/et_pb_column][\/et_pb_row][\/et_pb_section][et_pb_section fb_built=&#8221;1&#8243; fullwidth=&#8221;on&#8221; _builder_version=&#8221;4.16&#8243; global_colors_info=&#8221;{}&#8221;][et_pb_fullwidth_map address=&#8221;Martinavos g.8, Martinava 54475, Lietuva&#8221; zoom_level=&#8221;12&#8243; address_lat=&#8221;54.93991081995&#8243; address_lng=&#8221;24.067887331738&#8243; mouse_wheel=&#8221;off&#8221; _builder_version=&#8221;4.16&#8243; custom_margin=&#8221;||113px|||&#8221; global_colors_info=&#8221;{}&#8221;][et_pb_map_pin pin_address=&#8221;Piev\u0173 g. 1, Karm\u0117lava 54459, Lietuva&#8221; zoom_level=&#8221;14&#8243; pin_address_lat=&#8221;54.9671972&#8243; pin_address_lng=&#8221;24.0742347&#8243; _builder_version=&#8221;3.23.3&#8243; global_colors_info=&#8221;{}&#8221;][\/et_pb_map_pin][et_pb_map_pin pin_address=&#8221;Palemono g. 171, Kaunas 52107, Lietuva&#8221; zoom_level=&#8221;15&#8243; pin_address_lat=&#8221;54.9237358&#8243; pin_address_lng=&#8221;24.0689173&#8243; _builder_version=&#8221;3.23.3&#8243; global_colors_info=&#8221;{}&#8221;][\/et_pb_map_pin][\/et_pb_fullwidth_map][\/et_pb_section]<\/p>\n","protected":false},"excerpt":{"rendered":"<p>We will help your business operate smoothly by ensuring that customs brokerage procedures comply with the latest laws and regulations, preparing import, export, and transit declarations, and ensuring they are processed correctly. Customs formalities handling: for import\/export\/transit\/EORI codes\/permits\/certificates, etc. Document preparation: we prepare and submit all necessary documents, ensuring a smooth customs procedure process. Customs [&hellip;]<\/p>\n","protected":false},"author":3,"featured_media":0,"parent":0,"menu_order":0,"comment_status":"closed","ping_status":"closed","template":"","meta":{"_et_pb_use_builder":"on","_et_pb_old_content":"","_et_gb_content_width":""},"_links":{"self":[{"href":"https:\/\/arkama.com\/en\/wp-json\/wp\/v2\/pages\/480"}],"collection":[{"href":"https:\/\/arkama.com\/en\/wp-json\/wp\/v2\/pages"}],"about":[{"href":"https:\/\/arkama.com\/en\/wp-json\/wp\/v2\/types\/page"}],"author":[{"embeddable":true,"href":"https:\/\/arkama.com\/en\/wp-json\/wp\/v2\/users\/3"}],"replies":[{"embeddable":true,"href":"https:\/\/arkama.com\/en\/wp-json\/wp\/v2\/comments?post=480"}],"version-history":[{"count":13,"href":"https:\/\/arkama.com\/en\/wp-json\/wp\/v2\/pages\/480\/revisions"}],"predecessor-version":[{"id":1301,"href":"https:\/\/arkama.com\/en\/wp-json\/wp\/v2\/pages\/480\/revisions\/1301"}],"wp:attachment":[{"href":"https:\/\/arkama.com\/en\/wp-json\/wp\/v2\/media?parent=480"}],"curies":[{"name":"wp","href":"https:\/\/api.w.org\/{rel}","templated":true}]}}