{"id":550,"date":"2019-06-14T15:31:29","date_gmt":"2019-06-14T12:31:29","guid":{"rendered":"http:\/\/arkama.com\/?page_id=550"},"modified":"2024-11-04T12:27:42","modified_gmt":"2024-11-04T10:27:42","slug":"%d1%83%d1%81%d0%bb%d1%83%d0%b3%d0%b8-%d1%82%d0%b0%d0%bc%d0%be%d0%b6%d0%b5%d0%bd%d0%bd%d0%be%d0%b3%d0%be-%d0%b1%d1%80%d0%be%d0%ba%d0%b5%d1%80%d0%b0","status":"publish","type":"page","link":"https:\/\/arkama.com\/ru\/%d1%83%d1%81%d0%bb%d1%83%d0%b3%d0%b8-%d1%82%d0%b0%d0%bc%d0%be%d0%b6%d0%b5%d0%bd%d0%bd%d0%be%d0%b3%d0%be-%d0%b1%d1%80%d0%be%d0%ba%d0%b5%d1%80%d0%b0\/","title":{"rendered":"\u0423\u0441\u043b\u0443\u0433\u0438 \u0442\u0430\u043c\u043e\u0436\u0435\u043d\u043d\u043e\u0433\u043e \u0431\u0440\u043e\u043a\u0435\u0440\u0430"},"content":{"rendered":"<p>[et_pb_section fb_built=&#187;1&#8243; fullwidth=&#187;on&#187; admin_label=&#187;Hero Section&#187; _builder_version=&#187;4.16&#8243; global_colors_info=&#187;{}&#187;][et_pb_fullwidth_header title=&#187;\u0423\u0441\u043b\u0443\u0433\u0438 \u043c\u0435\u0436\u0434\u0443\u043d\u0430\u0440\u043e\u0434\u043d\u043e\u0439 \u043b\u043e\u0433\u0438\u0441\u0442\u0438\u043a\u0438&#187; subhead=&#187;\u0423\u0441\u043b\u0443\u0433\u0438 \u0442\u0430\u043c\u043e\u0436\u0435\u043d\u043d\u043e\u0433\u043e \u0431\u0440\u043e\u043a\u0435\u0440\u0430&#187; background_overlay_color=&#187;rgba(0,73,130,0.57)&#187; content_max_width=&#187;1080px&#187; _builder_version=&#187;4.16&#8243; title_font=&#187;Poppins|700||on|||||&#187; title_text_color=&#187;#edbb5f&#187; title_font_size=&#187;14px&#187; title_letter_spacing=&#187;2px&#187; title_line_height=&#187;1.8em&#187; subhead_font=&#187;Cabin|700||on|||||&#187; subhead_font_size=&#187;48px&#187; subhead_line_height=&#187;1.4em&#187; background_color=&#187;rgba(0,0,0,0)&#187; background_image=&#187;http:\/\/arkama.com\/wp-content\/uploads\/muitines-tarpininklo-paslaugos.jpg&#187; background_position=&#187;bottom_center&#187; custom_button_one=&#187;on&#187; button_one_border_width=&#187;1px&#187; button_one_border_color=&#187;rgba(255,255,255,0.3)&#187; button_one_border_radius=&#187;0px&#187; button_one_letter_spacing=&#187;1px&#187; button_one_font=&#187;Saira Extra Condensed|600||on|||||&#187; button_one_icon=&#187;&#x24;||divi||400&#8243; button_one_icon_color=&#187;#edbb5f&#187; custom_button_two=&#187;on&#187; button_two_border_width=&#187;1px&#187; button_two_border_color=&#187;rgba(255,255,255,0.3)&#187; button_two_border_radius=&#187;0px&#187; button_two_letter_spacing=&#187;1px&#187; button_two_font=&#187;Saira Extra Condensed|600||on|||||&#187; button_two_icon=&#187;&#x24;||divi||400&#8243; button_two_icon_color=&#187;#edbb5f&#187; module_alignment=&#187;right&#187; custom_margin=&#187;|||&#187; custom_padding=&#187;8%||8%|&#187; background_last_edited=&#187;on|desktop&#187; button_one_text_color_hover=&#187;#edbb5f&#187; button_two_text_color_hover=&#187;#edbb5f&#187; button_one_bg_color_hover=&#187;rgba(0,0,0,0)&#187; button_two_bg_color_hover=&#187;rgba(0,0,0,0)&#187; global_colors_info=&#187;{}&#187; button_one_text_size__hover_enabled=&#187;off&#187; button_two_text_size__hover_enabled=&#187;off&#187; button_one_text_color__hover_enabled=&#187;on&#187; button_one_text_color__hover=&#187;#edbb5f&#187; button_two_text_color__hover_enabled=&#187;on&#187; button_two_text_color__hover=&#187;#edbb5f&#187; button_one_border_width__hover_enabled=&#187;off&#187; button_two_border_width__hover_enabled=&#187;off&#187; button_one_border_color__hover_enabled=&#187;off&#187; button_two_border_color__hover_enabled=&#187;off&#187; button_one_border_radius__hover_enabled=&#187;off&#187; button_two_border_radius__hover_enabled=&#187;off&#187; button_one_letter_spacing__hover_enabled=&#187;off&#187; button_two_letter_spacing__hover_enabled=&#187;off&#187; button_one_bg_color__hover_enabled=&#187;on&#187; button_one_bg_color__hover=&#187;rgba(0,0,0,0)&#187; button_two_bg_color__hover_enabled=&#187;on&#187; button_two_bg_color__hover=&#187;rgba(0,0,0,0)&#187;][\/et_pb_fullwidth_header][\/et_pb_section][et_pb_section fb_built=&#187;1&#8243; _builder_version=&#187;4.16&#8243; background_color=&#187;#002947&#8243; custom_padding=&#187;0px||0px&#187; global_colors_info=&#187;{}&#187;][et_pb_row _builder_version=&#187;4.16&#8243; custom_padding=&#187;0px||0px&#187; global_colors_info=&#187;{}&#187;][et_pb_column type=&#187;4_4&#8243; _builder_version=&#187;4.16&#8243; custom_padding=&#187;|||&#187; global_colors_info=&#187;{}&#187; custom_padding__hover=&#187;|||&#187;][et_pb_divider show_divider=&#187;off&#187; _builder_version=&#187;4.16&#8243; background_color=&#187;#002947&#8243; width=&#187;100%&#187; max_width=&#187;100%&#187; global_colors_info=&#187;{}&#187;][\/et_pb_divider][\/et_pb_column][\/et_pb_row][\/et_pb_section][et_pb_section fb_built=&#187;1&#8243; _builder_version=&#187;4.16&#8243; global_colors_info=&#187;{}&#187;][et_pb_row column_structure=&#187;3_4,1_4&#8243; _builder_version=&#187;4.16&#8243; global_colors_info=&#187;{}&#187;][et_pb_column type=&#187;3_4&#8243; _builder_version=&#187;4.16&#8243; custom_padding=&#187;|||&#187; global_colors_info=&#187;{}&#187; custom_padding__hover=&#187;|||&#187;][et_pb_text _builder_version=&#187;4.21.0&#8243; global_colors_info=&#187;{}&#187;]<\/p>\n<p>\u041c\u044b \u043f\u043e\u043c\u043e\u0436\u0435\u043c \u0432\u0430\u0448\u0435\u043c\u0443 \u0431\u0438\u0437\u043d\u0435\u0441\u0443 \u0440\u0430\u0431\u043e\u0442\u0430\u0442\u044c \u0431\u0435\u0441\u043f\u0435\u0440\u0435\u0431\u043e\u0439\u043d\u043e, \u043e\u0431\u0435\u0441\u043f\u0435\u0447\u0438\u0432\u0430\u044f \u0441\u043e\u043e\u0442\u0432\u0435\u0442\u0441\u0442\u0432\u0438\u0435 \u0442\u0430\u043c\u043e\u0436\u0435\u043d\u043d\u044b\u0445 \u043f\u0440\u043e\u0446\u0435\u0434\u0443\u0440 \u043f\u043e\u0441\u043b\u0435\u0434\u043d\u0438\u043c \u0437\u0430\u043a\u043e\u043d\u0430\u043c \u0438 \u043d\u043e\u0440\u043c\u0430\u0442\u0438\u0432\u043d\u044b\u043c \u0430\u043a\u0442\u0430\u043c, \u043f\u043e\u0434\u0433\u043e\u0442\u043e\u0432\u0438\u043c \u0434\u0435\u043a\u043b\u0430\u0440\u0430\u0446\u0438\u0438 \u043d\u0430 \u0438\u043c\u043f\u043e\u0440\u0442, \u044d\u043a\u0441\u043f\u043e\u0440\u0442 \u0438 \u0442\u0440\u0430\u043d\u0437\u0438\u0442 \u0438 \u0433\u0430\u0440\u0430\u043d\u0442\u0438\u0440\u0443\u0435\u043c \u0438\u0445 \u043f\u0440\u0430\u0432\u0438\u043b\u044c\u043d\u0443\u044e \u043e\u0431\u0440\u0430\u0431\u043e\u0442\u043a\u0443.<\/p>\n<ul>\n<li>\u041e\u0431\u0440\u0430\u0431\u043e\u0442\u043a\u0430 \u0442\u0430\u043c\u043e\u0436\u0435\u043d\u043d\u044b\u0445 \u0444\u043e\u0440\u043c\u0430\u043b\u044c\u043d\u043e\u0441\u0442\u0435\u0439: \u0434\u043b\u044f \u0438\u043c\u043f\u043e\u0440\u0442\u0430 \/ \u044d\u043a\u0441\u043f\u043e\u0440\u0442\u0430 \/ \u0442\u0440\u0430\u043d\u0437\u0438\u0442\u0430 \/ EORI \u043a\u043e\u0434\u044b \/ \u0440\u0430\u0437\u0440\u0435\u0448\u0435\u043d\u0438\u044f \/ \u0441\u0435\u0440\u0442\u0438\u0444\u0438\u043a\u0430\u0442\u044b \u0438 \u0434\u0440.<\/li>\n<li>\u041f\u043e\u0434\u0433\u043e\u0442\u043e\u0432\u043a\u0430 \u0434\u043e\u043a\u0443\u043c\u0435\u043d\u0442\u043e\u0432: \u043c\u044b \u043f\u043e\u0434\u0433\u043e\u0442\u0430\u0432\u043b\u0438\u0432\u0430\u0435\u043c \u0438 \u043f\u0440\u0435\u0434\u043e\u0441\u0442\u0430\u0432\u043b\u044f\u0435\u043c \u0432\u0441\u0435 \u043d\u0435\u043e\u0431\u0445\u043e\u0434\u0438\u043c\u044b\u0435 \u0434\u043e\u043a\u0443\u043c\u0435\u043d\u0442\u044b, \u043e\u0431\u0435\u0441\u043f\u0435\u0447\u0438\u0432\u0430\u044f \u043f\u043b\u0430\u0432\u043d\u044b\u0439 \u043f\u0440\u043e\u0446\u0435\u0441\u0441 \u0442\u0430\u043c\u043e\u0436\u0435\u043d\u043d\u044b\u0445 \u043f\u0440\u043e\u0446\u0435\u0434\u0443\u0440.<\/li>\n<li>\u0420\u0430\u0441\u0442\u0430\u043c\u043e\u0436\u043a\u0430 \u0433\u0440\u0443\u0437\u043e\u0432 \u0438 \u0442\u0440\u0430\u043d\u0441\u043f\u043e\u0440\u0442\u043d\u044b\u0445 \u0441\u0440\u0435\u0434\u0441\u0442\u0432: \u043c\u044b \u043f\u043e\u0434\u0433\u043e\u0442\u0430\u0432\u043b\u0438\u0432\u0430\u0435\u043c \u0438 \u043f\u0440\u0435\u0434\u043e\u0441\u0442\u0430\u0432\u043b\u044f\u0435\u043c \u0434\u0435\u043a\u043b\u0430\u0440\u0430\u0446\u0438\u0438 \u043d\u0430 \u044d\u043a\u0441\u043f\u043e\u0440\u0442 \/ \u0438\u043c\u043f\u043e\u0440\u0442, \u0440\u0430\u0441\u0441\u0447\u0438\u0442\u044b\u0432\u0430\u0435\u043c \u043d\u0430\u043b\u043e\u0433\u0438 \u0438 \u0438\u043d\u0444\u043e\u0440\u043c\u0438\u0440\u0443\u0435\u043c \u043e \u0441\u0443\u0449\u0435\u0441\u0442\u0432\u0443\u044e\u0449\u0438\u0445 \u043b\u044c\u0433\u043e\u0442\u0430\u0445.<\/li>\n<li>\u041a\u043e\u043d\u0441\u0443\u043b\u044c\u0442\u0430\u0446\u0438\u0438: \u043c\u044b \u043f\u0440\u0435\u0434\u043e\u0441\u0442\u0430\u0432\u043b\u044f\u0435\u043c \u0438\u043d\u0444\u043e\u0440\u043c\u0430\u0446\u0438\u044e \u043e \u0442\u0430\u043c\u043e\u0436\u0435\u043d\u043d\u044b\u0445 \u043f\u0440\u043e\u0446\u0435\u0434\u0443\u0440\u0430\u0445, \u043f\u043e\u0441\u043b\u0435\u0434\u043d\u0438\u0445 \u0437\u0430\u043a\u043e\u043d\u043e\u0434\u0430\u0442\u0435\u043b\u044c\u043d\u044b\u0445 \u0430\u043a\u0442\u0430\u0445 \u0438 \u0438\u0437\u043c\u0435\u043d\u0435\u043d\u0438\u044f\u0445.<\/li>\n<\/ul>\n<p>\u0421\u043e\u0441\u0440\u0435\u0434\u043e\u0442\u043e\u0447\u044c\u0442\u0435\u0441\u044c \u043d\u0430 \u0440\u043e\u0441\u0442\u0435 \u0432\u0430\u0448\u0435\u0433\u043e \u0431\u0438\u0437\u043d\u0435\u0441\u0430, \u0430 \u043c\u044b \u043f\u043e\u0437\u0430\u0431\u043e\u0442\u0438\u043c\u0441\u044f \u043e \u0432\u0430\u0448\u0438\u0445 \u0442\u0430\u043c\u043e\u0436\u0435\u043d\u043d\u044b\u0445 \u0444\u043e\u0440\u043c\u0430\u043b\u044c\u043d\u043e\u0441\u0442\u044f\u0445.<\/p>\n<p>[\/et_pb_text][\/et_pb_column][et_pb_column type=&#187;1_4&#8243; _builder_version=&#187;4.16&#8243; custom_padding=&#187;|||&#187; global_colors_info=&#187;{}&#187; custom_padding__hover=&#187;|||&#187;][et_pb_text _builder_version=&#187;4.16&#8243; text_font=&#187;||||||||&#187; header_font=&#187;||||||||&#187; header_2_font=&#187;|800|||||||&#187; header_3_font=&#187;|300|||||||&#187; background_color=&#187;#edbb5f&#187; background_layout=&#187;dark&#187; custom_margin=&#187;||0px&#187; custom_padding=&#187;20px|20px|20px|20px|true|true&#187; global_colors_info=&#187;{}&#187;]<\/p>\n<h3>\u041a\u043e\u043d\u0442\u0430\u043a\u0442\u044b \u0442\u0430\u043c\u043e\u0436\u0435\u043d\u043d\u044b\u0445 \u0431\u0440\u043e\u043a\u0435\u0440\u043e\u0432<\/h3>\n<p>[\/et_pb_text][et_pb_text _builder_version=&#187;4.16&#8243; header_font=&#187;||||||||&#187; header_2_font=&#187;|800|||||||&#187; header_2_text_align=&#187;center&#187; header_2_text_color=&#187;#ffffff&#187; header_3_font=&#187;||||||||&#187; header_3_text_align=&#187;center&#187; header_3_text_color=&#187;#ffffff&#187; background_color=&#187;#002947&#8243; custom_margin=&#187;||0px&#187; custom_padding=&#187;20px||10px||false|true&#187; global_colors_info=&#187;{}&#187;]<\/p>\n<h3>Marinavos g-v\u0117 8, Martinava, Kauno raj.<\/h3>\n<h3>+370 601 92055<\/h3>\n<p>[\/et_pb_text][et_pb_text disabled_on=&#187;on|on|on&#187; _builder_version=&#187;4.19.4&#8243; header_font=&#187;||||||||&#187; header_2_font=&#187;|800|||||||&#187; header_2_text_align=&#187;center&#187; header_2_text_color=&#187;#ffffff&#187; header_3_font=&#187;||||||||&#187; header_3_text_align=&#187;center&#187; header_3_text_color=&#187;#ffffff&#187; background_color=&#187;#002947&#8243; custom_margin=&#187;||&#187; custom_padding=&#187;20px||10px||false|true&#187; disabled=&#187;on&#187; global_colors_info=&#187;{}&#187;]<\/p>\n<h3>Piev\u0173 g-v\u0117 1, Karm\u0117lava<\/h3>\n<h3>+ 370 611 12621<\/h3>\n<p>[\/et_pb_text][\/et_pb_column][\/et_pb_row][\/et_pb_section][et_pb_section fb_built=&#187;1&#8243; fullwidth=&#187;on&#187; _builder_version=&#187;4.16&#8243; global_colors_info=&#187;{}&#187;][et_pb_fullwidth_map address=&#187;Martinavos g.8, Martinava 54475, Lietuva&#187; zoom_level=&#187;12&#8243; address_lat=&#187;54.93991081995&#8243; address_lng=&#187;24.067887331738&#8243; mouse_wheel=&#187;off&#187; _builder_version=&#187;4.16&#8243; custom_margin=&#187;||113px|||&#187; global_colors_info=&#187;{}&#187;][et_pb_map_pin pin_address=&#187;Piev\u0173 g. 1, Karm\u0117lava 54459, Lietuva&#187; zoom_level=&#187;14&#8243; pin_address_lat=&#187;54.9671972&#8243; pin_address_lng=&#187;24.0742347&#8243; _builder_version=&#187;3.23.3&#8243; global_colors_info=&#187;{}&#187;][\/et_pb_map_pin][et_pb_map_pin pin_address=&#187;Palemono g. 171, Kaunas 52107, Lietuva&#187; zoom_level=&#187;15&#8243; pin_address_lat=&#187;54.9237358&#8243; pin_address_lng=&#187;24.0689173&#8243; _builder_version=&#187;3.23.3&#8243; global_colors_info=&#187;{}&#187;][\/et_pb_map_pin][\/et_pb_fullwidth_map][\/et_pb_section]<\/p>\n","protected":false},"excerpt":{"rendered":"<p>\u041c\u044b \u043f\u043e\u043c\u043e\u0436\u0435\u043c \u0432\u0430\u0448\u0435\u043c\u0443 \u0431\u0438\u0437\u043d\u0435\u0441\u0443 \u0440\u0430\u0431\u043e\u0442\u0430\u0442\u044c \u0431\u0435\u0441\u043f\u0435\u0440\u0435\u0431\u043e\u0439\u043d\u043e, \u043e\u0431\u0435\u0441\u043f\u0435\u0447\u0438\u0432\u0430\u044f \u0441\u043e\u043e\u0442\u0432\u0435\u0442\u0441\u0442\u0432\u0438\u0435 \u0442\u0430\u043c\u043e\u0436\u0435\u043d\u043d\u044b\u0445 \u043f\u0440\u043e\u0446\u0435\u0434\u0443\u0440 \u043f\u043e\u0441\u043b\u0435\u0434\u043d\u0438\u043c \u0437\u0430\u043a\u043e\u043d\u0430\u043c \u0438 \u043d\u043e\u0440\u043c\u0430\u0442\u0438\u0432\u043d\u044b\u043c \u0430\u043a\u0442\u0430\u043c, \u043f\u043e\u0434\u0433\u043e\u0442\u043e\u0432\u0438\u043c \u0434\u0435\u043a\u043b\u0430\u0440\u0430\u0446\u0438\u0438 \u043d\u0430 \u0438\u043c\u043f\u043e\u0440\u0442, \u044d\u043a\u0441\u043f\u043e\u0440\u0442 \u0438 \u0442\u0440\u0430\u043d\u0437\u0438\u0442 \u0438 \u0433\u0430\u0440\u0430\u043d\u0442\u0438\u0440\u0443\u0435\u043c \u0438\u0445 \u043f\u0440\u0430\u0432\u0438\u043b\u044c\u043d\u0443\u044e \u043e\u0431\u0440\u0430\u0431\u043e\u0442\u043a\u0443. \u041e\u0431\u0440\u0430\u0431\u043e\u0442\u043a\u0430 \u0442\u0430\u043c\u043e\u0436\u0435\u043d\u043d\u044b\u0445 \u0444\u043e\u0440\u043c\u0430\u043b\u044c\u043d\u043e\u0441\u0442\u0435\u0439: \u0434\u043b\u044f \u0438\u043c\u043f\u043e\u0440\u0442\u0430 \/ \u044d\u043a\u0441\u043f\u043e\u0440\u0442\u0430 \/ \u0442\u0440\u0430\u043d\u0437\u0438\u0442\u0430 \/ EORI \u043a\u043e\u0434\u044b \/ \u0440\u0430\u0437\u0440\u0435\u0448\u0435\u043d\u0438\u044f \/ \u0441\u0435\u0440\u0442\u0438\u0444\u0438\u043a\u0430\u0442\u044b \u0438 \u0434\u0440. \u041f\u043e\u0434\u0433\u043e\u0442\u043e\u0432\u043a\u0430 \u0434\u043e\u043a\u0443\u043c\u0435\u043d\u0442\u043e\u0432: \u043c\u044b \u043f\u043e\u0434\u0433\u043e\u0442\u0430\u0432\u043b\u0438\u0432\u0430\u0435\u043c \u0438 \u043f\u0440\u0435\u0434\u043e\u0441\u0442\u0430\u0432\u043b\u044f\u0435\u043c \u0432\u0441\u0435 \u043d\u0435\u043e\u0431\u0445\u043e\u0434\u0438\u043c\u044b\u0435 \u0434\u043e\u043a\u0443\u043c\u0435\u043d\u0442\u044b, \u043e\u0431\u0435\u0441\u043f\u0435\u0447\u0438\u0432\u0430\u044f [&hellip;]<\/p>\n","protected":false},"author":3,"featured_media":0,"parent":0,"menu_order":0,"comment_status":"closed","ping_status":"closed","template":"","meta":{"_et_pb_use_builder":"on","_et_pb_old_content":"","_et_gb_content_width":""},"_links":{"self":[{"href":"https:\/\/arkama.com\/ru\/wp-json\/wp\/v2\/pages\/550"}],"collection":[{"href":"https:\/\/arkama.com\/ru\/wp-json\/wp\/v2\/pages"}],"about":[{"href":"https:\/\/arkama.com\/ru\/wp-json\/wp\/v2\/types\/page"}],"author":[{"embeddable":true,"href":"https:\/\/arkama.com\/ru\/wp-json\/wp\/v2\/users\/3"}],"replies":[{"embeddable":true,"href":"https:\/\/arkama.com\/ru\/wp-json\/wp\/v2\/comments?post=550"}],"version-history":[{"count":9,"href":"https:\/\/arkama.com\/ru\/wp-json\/wp\/v2\/pages\/550\/revisions"}],"predecessor-version":[{"id":1303,"href":"https:\/\/arkama.com\/ru\/wp-json\/wp\/v2\/pages\/550\/revisions\/1303"}],"wp:attachment":[{"href":"https:\/\/arkama.com\/ru\/wp-json\/wp\/v2\/media?parent=550"}],"curies":[{"name":"wp","href":"https:\/\/api.w.org\/{rel}","templated":true}]}}